{"id":1093,"date":"2025-11-29T15:44:15","date_gmt":"2025-11-29T15:44:15","guid":{"rendered":"https:\/\/adriabnb.it\/wo-wir-sind-und-kontakt\/"},"modified":"2026-01-09T22:24:45","modified_gmt":"2026-01-09T22:24:45","slug":"wo-wir-sind-und-kontakt","status":"publish","type":"page","link":"https:\/\/adriabnb.it\/de\/wo-wir-sind-und-kontakt\/","title":{"rendered":"Wo wir sind und Kontakt"},"content":{"rendered":"\n<p>Das BnB Adria befindet sich in <strong>Adria<\/strong>, in einer bequemen und leicht erreichbaren Lage, ideal f\u00fcr diejenigen, die in einer ruhigen und gut angebundenen Gegend \u00fcbernachten m\u00f6chten. Die Unterkunft stellt einen praktischen Ausgangspunkt dar, um die umliegende Region zu entdecken und sich mit Leichtigkeit fortzubewegen.<\/p>\n\n<p>F\u00fcr Informationen, Anfragen oder um Ihren Aufenthalt zu organisieren, k\u00f6nnen Sie uns \u00fcber die angegebenen Kontaktdaten erreichen oder das Kontaktformular ausf\u00fcllen. Wir werden Ihnen gerne mit Aufmerksamkeit und Verf\u00fcgbarkeit antworten.<\/p>\n","protected":false},"excerpt":{"rendered":"<p>Das BnB Adria befindet sich in Adria, in einer bequemen und leicht erreichbaren Lage, ideal f\u00fcr diejenigen, die in einer ruhigen und gut angebundenen Gegend \u00fcbernachten m\u00f6chten. Die Unterkunft stellt&#8230;<\/p>\n","protected":false},"author":1,"featured_media":1085,"parent":0,"menu_order":0,"comment_status":"closed","ping_status":"closed","template":"template-contacts.php","meta":{"_acf_changed":false,"footnotes":""},"class_list":["post-1093","page","type-page","status-publish","has-post-thumbnail","hentry"],"acf":[],"yoast_head":"<!-- This site is optimized with the Yoast SEO plugin v27.3 - https:\/\/yoast.com\/product\/yoast-seo-wordpress\/ -->\n<title>Wo wir sind und Kontakt - Adria BnB<\/title>\n<meta name=\"description\" content=\"Entdecken Sie, wo sich das BnB Adria in Adria befindet und kontaktieren Sie uns f\u00fcr Informationen, Anfragen oder um Ihren Aufenthalt bestm\u00f6glich zu organisieren. Wir stehen Ihnen zur Verf\u00fcgung.\" \/>\n<meta name=\"robots\" content=\"index, follow, max-snippet:-1, max-image-preview:large, max-video-preview:-1\" \/>\n<link rel=\"canonical\" href=\"https:\/\/adriabnb.it\/de\/wo-wir-sind-und-kontakt\/\" \/>\n<meta property=\"og:locale\" content=\"de_DE\" \/>\n<meta property=\"og:type\" content=\"article\" \/>\n<meta property=\"og:title\" content=\"Wo wir sind und Kontakt - Adria BnB\" \/>\n<meta property=\"og:description\" content=\"Entdecken Sie, wo sich das BnB Adria in Adria befindet und kontaktieren Sie uns f\u00fcr Informationen, Anfragen oder um Ihren Aufenthalt bestm\u00f6glich zu organisieren. Wir stehen Ihnen zur Verf\u00fcgung.\" \/>\n<meta property=\"og:url\" content=\"https:\/\/adriabnb.it\/de\/wo-wir-sind-und-kontakt\/\" \/>\n<meta property=\"og:site_name\" content=\"Adria BnB\" \/>\n<meta property=\"article:modified_time\" content=\"2026-01-09T22:24:45+00:00\" \/>\n<meta property=\"og:image\" content=\"https:\/\/adriabnb.it\/wp-content\/uploads\/2025\/12\/contatti.jpg\" \/>\n\t<meta property=\"og:image:width\" content=\"1920\" \/>\n\t<meta property=\"og:image:height\" content=\"1080\" \/>\n\t<meta property=\"og:image:type\" content=\"image\/jpeg\" \/>\n<meta name=\"twitter:card\" content=\"summary_large_image\" \/>\n<script type=\"application\/ld+json\" class=\"yoast-schema-graph\">{\"@context\":\"https:\\\/\\\/schema.org\",\"@graph\":[{\"@type\":\"WebPage\",\"@id\":\"https:\\\/\\\/adriabnb.it\\\/de\\\/wo-wir-sind-und-kontakt\\\/\",\"url\":\"https:\\\/\\\/adriabnb.it\\\/de\\\/wo-wir-sind-und-kontakt\\\/\",\"name\":\"Wo wir sind und Kontakt - Adria BnB\",\"isPartOf\":{\"@id\":\"https:\\\/\\\/adriabnb.it\\\/de\\\/#website\"},\"primaryImageOfPage\":{\"@id\":\"https:\\\/\\\/adriabnb.it\\\/de\\\/wo-wir-sind-und-kontakt\\\/#primaryimage\"},\"image\":{\"@id\":\"https:\\\/\\\/adriabnb.it\\\/de\\\/wo-wir-sind-und-kontakt\\\/#primaryimage\"},\"thumbnailUrl\":\"https:\\\/\\\/adriabnb.it\\\/wp-content\\\/uploads\\\/2025\\\/12\\\/contatti.jpg\",\"datePublished\":\"2025-11-29T15:44:15+00:00\",\"dateModified\":\"2026-01-09T22:24:45+00:00\",\"description\":\"Entdecken Sie, wo sich das BnB Adria in Adria befindet und kontaktieren Sie uns f\u00fcr Informationen, Anfragen oder um Ihren Aufenthalt bestm\u00f6glich zu organisieren. Wir stehen Ihnen zur Verf\u00fcgung.\",\"breadcrumb\":{\"@id\":\"https:\\\/\\\/adriabnb.it\\\/de\\\/wo-wir-sind-und-kontakt\\\/#breadcrumb\"},\"inLanguage\":\"de\",\"potentialAction\":[{\"@type\":\"ReadAction\",\"target\":[\"https:\\\/\\\/adriabnb.it\\\/de\\\/wo-wir-sind-und-kontakt\\\/\"]}]},{\"@type\":\"ImageObject\",\"inLanguage\":\"de\",\"@id\":\"https:\\\/\\\/adriabnb.it\\\/de\\\/wo-wir-sind-und-kontakt\\\/#primaryimage\",\"url\":\"https:\\\/\\\/adriabnb.it\\\/wp-content\\\/uploads\\\/2025\\\/12\\\/contatti.jpg\",\"contentUrl\":\"https:\\\/\\\/adriabnb.it\\\/wp-content\\\/uploads\\\/2025\\\/12\\\/contatti.jpg\",\"width\":1920,\"height\":1080},{\"@type\":\"BreadcrumbList\",\"@id\":\"https:\\\/\\\/adriabnb.it\\\/de\\\/wo-wir-sind-und-kontakt\\\/#breadcrumb\",\"itemListElement\":[{\"@type\":\"ListItem\",\"position\":1,\"name\":\"Home\",\"item\":\"https:\\\/\\\/adriabnb.it\\\/de\\\/\"},{\"@type\":\"ListItem\",\"position\":2,\"name\":\"Wo wir sind und Kontakt\"}]},{\"@type\":\"WebSite\",\"@id\":\"https:\\\/\\\/adriabnb.it\\\/de\\\/#website\",\"url\":\"https:\\\/\\\/adriabnb.it\\\/de\\\/\",\"name\":\"Adria BnB\",\"description\":\"\",\"publisher\":{\"@id\":\"https:\\\/\\\/adriabnb.it\\\/de\\\/#organization\"},\"potentialAction\":[{\"@type\":\"SearchAction\",\"target\":{\"@type\":\"EntryPoint\",\"urlTemplate\":\"https:\\\/\\\/adriabnb.it\\\/de\\\/?s={search_term_string}\"},\"query-input\":{\"@type\":\"PropertyValueSpecification\",\"valueRequired\":true,\"valueName\":\"search_term_string\"}}],\"inLanguage\":\"de\"},{\"@type\":\"Organization\",\"@id\":\"https:\\\/\\\/adriabnb.it\\\/de\\\/#organization\",\"name\":\"Adria BnB\",\"url\":\"https:\\\/\\\/adriabnb.it\\\/de\\\/\",\"logo\":{\"@type\":\"ImageObject\",\"inLanguage\":\"de\",\"@id\":\"https:\\\/\\\/adriabnb.it\\\/de\\\/#\\\/schema\\\/logo\\\/image\\\/\",\"url\":\"https:\\\/\\\/adriabnb.it\\\/wp-content\\\/uploads\\\/2026\\\/01\\\/Risorsa-3.png\",\"contentUrl\":\"https:\\\/\\\/adriabnb.it\\\/wp-content\\\/uploads\\\/2026\\\/01\\\/Risorsa-3.png\",\"width\":618,\"height\":329,\"caption\":\"Adria BnB\"},\"image\":{\"@id\":\"https:\\\/\\\/adriabnb.it\\\/de\\\/#\\\/schema\\\/logo\\\/image\\\/\"}}]}<\/script>\n<!-- \/ Yoast SEO plugin. -->","yoast_head_json":{"title":"Wo wir sind und Kontakt - Adria BnB","description":"Entdecken Sie, wo sich das BnB Adria in Adria befindet und kontaktieren Sie uns f\u00fcr Informationen, Anfragen oder um Ihren Aufenthalt bestm\u00f6glich zu organisieren. Wir stehen Ihnen zur Verf\u00fcgung.","robots":{"index":"index","follow":"follow","max-snippet":"max-snippet:-1","max-image-preview":"max-image-preview:large","max-video-preview":"max-video-preview:-1"},"canonical":"https:\/\/adriabnb.it\/de\/wo-wir-sind-und-kontakt\/","og_locale":"de_DE","og_type":"article","og_title":"Wo wir sind und Kontakt - Adria BnB","og_description":"Entdecken Sie, wo sich das BnB Adria in Adria befindet und kontaktieren Sie uns f\u00fcr Informationen, Anfragen oder um Ihren Aufenthalt bestm\u00f6glich zu organisieren. Wir stehen Ihnen zur Verf\u00fcgung.","og_url":"https:\/\/adriabnb.it\/de\/wo-wir-sind-und-kontakt\/","og_site_name":"Adria BnB","article_modified_time":"2026-01-09T22:24:45+00:00","og_image":[{"width":1920,"height":1080,"url":"https:\/\/adriabnb.it\/wp-content\/uploads\/2025\/12\/contatti.jpg","type":"image\/jpeg"}],"twitter_card":"summary_large_image","schema":{"@context":"https:\/\/schema.org","@graph":[{"@type":"WebPage","@id":"https:\/\/adriabnb.it\/de\/wo-wir-sind-und-kontakt\/","url":"https:\/\/adriabnb.it\/de\/wo-wir-sind-und-kontakt\/","name":"Wo wir sind und Kontakt - Adria BnB","isPartOf":{"@id":"https:\/\/adriabnb.it\/de\/#website"},"primaryImageOfPage":{"@id":"https:\/\/adriabnb.it\/de\/wo-wir-sind-und-kontakt\/#primaryimage"},"image":{"@id":"https:\/\/adriabnb.it\/de\/wo-wir-sind-und-kontakt\/#primaryimage"},"thumbnailUrl":"https:\/\/adriabnb.it\/wp-content\/uploads\/2025\/12\/contatti.jpg","datePublished":"2025-11-29T15:44:15+00:00","dateModified":"2026-01-09T22:24:45+00:00","description":"Entdecken Sie, wo sich das BnB Adria in Adria befindet und kontaktieren Sie uns f\u00fcr Informationen, Anfragen oder um Ihren Aufenthalt bestm\u00f6glich zu organisieren. Wir stehen Ihnen zur Verf\u00fcgung.","breadcrumb":{"@id":"https:\/\/adriabnb.it\/de\/wo-wir-sind-und-kontakt\/#breadcrumb"},"inLanguage":"de","potentialAction":[{"@type":"ReadAction","target":["https:\/\/adriabnb.it\/de\/wo-wir-sind-und-kontakt\/"]}]},{"@type":"ImageObject","inLanguage":"de","@id":"https:\/\/adriabnb.it\/de\/wo-wir-sind-und-kontakt\/#primaryimage","url":"https:\/\/adriabnb.it\/wp-content\/uploads\/2025\/12\/contatti.jpg","contentUrl":"https:\/\/adriabnb.it\/wp-content\/uploads\/2025\/12\/contatti.jpg","width":1920,"height":1080},{"@type":"BreadcrumbList","@id":"https:\/\/adriabnb.it\/de\/wo-wir-sind-und-kontakt\/#breadcrumb","itemListElement":[{"@type":"ListItem","position":1,"name":"Home","item":"https:\/\/adriabnb.it\/de\/"},{"@type":"ListItem","position":2,"name":"Wo wir sind und Kontakt"}]},{"@type":"WebSite","@id":"https:\/\/adriabnb.it\/de\/#website","url":"https:\/\/adriabnb.it\/de\/","name":"Adria BnB","description":"","publisher":{"@id":"https:\/\/adriabnb.it\/de\/#organization"},"potentialAction":[{"@type":"SearchAction","target":{"@type":"EntryPoint","urlTemplate":"https:\/\/adriabnb.it\/de\/?s={search_term_string}"},"query-input":{"@type":"PropertyValueSpecification","valueRequired":true,"valueName":"search_term_string"}}],"inLanguage":"de"},{"@type":"Organization","@id":"https:\/\/adriabnb.it\/de\/#organization","name":"Adria BnB","url":"https:\/\/adriabnb.it\/de\/","logo":{"@type":"ImageObject","inLanguage":"de","@id":"https:\/\/adriabnb.it\/de\/#\/schema\/logo\/image\/","url":"https:\/\/adriabnb.it\/wp-content\/uploads\/2026\/01\/Risorsa-3.png","contentUrl":"https:\/\/adriabnb.it\/wp-content\/uploads\/2026\/01\/Risorsa-3.png","width":618,"height":329,"caption":"Adria BnB"},"image":{"@id":"https:\/\/adriabnb.it\/de\/#\/schema\/logo\/image\/"}}]}},"_links":{"self":[{"href":"https:\/\/adriabnb.it\/de\/wp-json\/wp\/v2\/pages\/1093","targetHints":{"allow":["GET"]}}],"collection":[{"href":"https:\/\/adriabnb.it\/de\/wp-json\/wp\/v2\/pages"}],"about":[{"href":"https:\/\/adriabnb.it\/de\/wp-json\/wp\/v2\/types\/page"}],"author":[{"embeddable":true,"href":"https:\/\/adriabnb.it\/de\/wp-json\/wp\/v2\/users\/1"}],"replies":[{"embeddable":true,"href":"https:\/\/adriabnb.it\/de\/wp-json\/wp\/v2\/comments?post=1093"}],"version-history":[{"count":3,"href":"https:\/\/adriabnb.it\/de\/wp-json\/wp\/v2\/pages\/1093\/revisions"}],"predecessor-version":[{"id":1096,"href":"https:\/\/adriabnb.it\/de\/wp-json\/wp\/v2\/pages\/1093\/revisions\/1096"}],"wp:featuredmedia":[{"embeddable":true,"href":"https:\/\/adriabnb.it\/de\/wp-json\/wp\/v2\/media\/1085"}],"wp:attachment":[{"href":"https:\/\/adriabnb.it\/de\/wp-json\/wp\/v2\/media?parent=1093"}],"curies":[{"name":"wp","href":"https:\/\/api.w.org\/{rel}","templated":true}]}}