{"id":1102,"date":"2025-11-29T16:34:40","date_gmt":"2025-11-29T16:34:40","guid":{"rendered":"https:\/\/adriabnb.it\/ueber-uns\/"},"modified":"2026-01-14T23:07:55","modified_gmt":"2026-01-14T23:07:55","slug":"ueber-uns","status":"publish","type":"page","link":"https:\/\/adriabnb.it\/de\/ueber-uns\/","title":{"rendered":"\u00dcber uns"},"content":{"rendered":"\n<p>Das BnB Adria wurde <strong>2009<\/strong> mit dem Ziel gegr\u00fcndet, Gastfreundschaft, Komfort und gepflegte R\u00e4umlichkeiten f\u00fcr einen angenehmen und entspannenden Aufenthalt zu bieten.<\/p>\n\n<p>Im Laufe der Zeit ist die Unterkunft gewachsen und hat dabei dieselbe Philosophie beibehalten: gepflegte R\u00e4umlichkeiten zu bieten, auf den Komfort der G\u00e4ste ausgerichtete Dienstleistungen und einen diskreten Empfang, der es jedem erm\u00f6glicht, sich vom ersten Moment an wohlzuf\u00fchlen.<\/p>\n\n<p>Das BnB Adria ist f\u00fcr diejenigen gedacht, die Ruhe, Praktikabilit\u00e4t und Momente des Wohlbefindens suchen, sowohl f\u00fcr kurze Aufenthalte als auch f\u00fcr l\u00e4ngere Aufenthalte. Ein Bezugspunkt f\u00fcr diejenigen, die die Region in Ruhe erleben m\u00f6chten, ohne auf die Qualit\u00e4t der Dienstleistungen zu verzichten. <\/p>\n","protected":false},"excerpt":{"rendered":"<p>Das BnB Adria wurde 2009 mit dem Ziel gegr\u00fcndet, Gastfreundschaft, Komfort und gepflegte R\u00e4umlichkeiten f\u00fcr einen angenehmen und entspannenden Aufenthalt zu bieten. Im Laufe der Zeit ist die Unterkunft gewachsen&#8230;<\/p>\n","protected":false},"author":1,"featured_media":933,"parent":0,"menu_order":0,"comment_status":"closed","ping_status":"closed","template":"template-about.php","meta":{"_acf_changed":false,"footnotes":""},"class_list":["post-1102","page","type-page","status-publish","has-post-thumbnail","hentry"],"acf":[],"yoast_head":"<!-- This site is optimized with the Yoast SEO plugin v27.3 - https:\/\/yoast.com\/product\/yoast-seo-wordpress\/ -->\n<title>\u00dcber uns- Adria BnB<\/title>\n<meta name=\"description\" content=\"Das BnB Adria wurde 2009 mit dem Ziel gegr\u00fcndet, Gastfreundschaft, Komfort und gepflegte R\u00e4umlichkeiten f\u00fcr einen angenehmen und entspannenden Aufenthalt zu bieten.\" \/>\n<meta name=\"robots\" content=\"index, follow, max-snippet:-1, max-image-preview:large, max-video-preview:-1\" \/>\n<link rel=\"canonical\" href=\"https:\/\/adriabnb.it\/de\/ueber-uns\/\" \/>\n<meta property=\"og:locale\" content=\"de_DE\" \/>\n<meta property=\"og:type\" content=\"article\" \/>\n<meta property=\"og:title\" content=\"\u00dcber uns- Adria BnB\" \/>\n<meta property=\"og:description\" content=\"Das BnB Adria wurde 2009 mit dem Ziel gegr\u00fcndet, Gastfreundschaft, Komfort und gepflegte R\u00e4umlichkeiten f\u00fcr einen angenehmen und entspannenden Aufenthalt zu bieten.\" \/>\n<meta property=\"og:url\" content=\"https:\/\/adriabnb.it\/de\/ueber-uns\/\" \/>\n<meta property=\"og:site_name\" content=\"Adria BnB\" \/>\n<meta property=\"article:modified_time\" content=\"2026-01-14T23:07:55+00:00\" \/>\n<meta property=\"og:image\" content=\"https:\/\/adriabnb.it\/wp-content\/uploads\/2025\/11\/piscina.jpg\" \/>\n\t<meta property=\"og:image:width\" content=\"1920\" \/>\n\t<meta property=\"og:image:height\" content=\"1080\" \/>\n\t<meta property=\"og:image:type\" content=\"image\/jpeg\" \/>\n<meta name=\"twitter:card\" content=\"summary_large_image\" \/>\n<meta name=\"twitter:label1\" content=\"Gesch\u00e4tzte Lesezeit\" \/>\n\t<meta name=\"twitter:data1\" content=\"1\u00a0Minute\" \/>\n<script type=\"application\/ld+json\" class=\"yoast-schema-graph\">{\"@context\":\"https:\\\/\\\/schema.org\",\"@graph\":[{\"@type\":\"WebPage\",\"@id\":\"https:\\\/\\\/adriabnb.it\\\/de\\\/ueber-uns\\\/\",\"url\":\"https:\\\/\\\/adriabnb.it\\\/de\\\/ueber-uns\\\/\",\"name\":\"\u00dcber uns- Adria BnB\",\"isPartOf\":{\"@id\":\"https:\\\/\\\/adriabnb.it\\\/de\\\/#website\"},\"primaryImageOfPage\":{\"@id\":\"https:\\\/\\\/adriabnb.it\\\/de\\\/ueber-uns\\\/#primaryimage\"},\"image\":{\"@id\":\"https:\\\/\\\/adriabnb.it\\\/de\\\/ueber-uns\\\/#primaryimage\"},\"thumbnailUrl\":\"https:\\\/\\\/adriabnb.it\\\/wp-content\\\/uploads\\\/2025\\\/11\\\/piscina.jpg\",\"datePublished\":\"2025-11-29T16:34:40+00:00\",\"dateModified\":\"2026-01-14T23:07:55+00:00\",\"description\":\"Das BnB Adria wurde 2009 mit dem Ziel gegr\u00fcndet, Gastfreundschaft, Komfort und gepflegte R\u00e4umlichkeiten f\u00fcr einen angenehmen und entspannenden Aufenthalt zu bieten.\",\"breadcrumb\":{\"@id\":\"https:\\\/\\\/adriabnb.it\\\/de\\\/ueber-uns\\\/#breadcrumb\"},\"inLanguage\":\"de\",\"potentialAction\":[{\"@type\":\"ReadAction\",\"target\":[\"https:\\\/\\\/adriabnb.it\\\/de\\\/ueber-uns\\\/\"]}]},{\"@type\":\"ImageObject\",\"inLanguage\":\"de\",\"@id\":\"https:\\\/\\\/adriabnb.it\\\/de\\\/ueber-uns\\\/#primaryimage\",\"url\":\"https:\\\/\\\/adriabnb.it\\\/wp-content\\\/uploads\\\/2025\\\/11\\\/piscina.jpg\",\"contentUrl\":\"https:\\\/\\\/adriabnb.it\\\/wp-content\\\/uploads\\\/2025\\\/11\\\/piscina.jpg\",\"width\":1920,\"height\":1080},{\"@type\":\"BreadcrumbList\",\"@id\":\"https:\\\/\\\/adriabnb.it\\\/de\\\/ueber-uns\\\/#breadcrumb\",\"itemListElement\":[{\"@type\":\"ListItem\",\"position\":1,\"name\":\"Home\",\"item\":\"https:\\\/\\\/adriabnb.it\\\/de\\\/\"},{\"@type\":\"ListItem\",\"position\":2,\"name\":\"\u00dcber uns\"}]},{\"@type\":\"WebSite\",\"@id\":\"https:\\\/\\\/adriabnb.it\\\/de\\\/#website\",\"url\":\"https:\\\/\\\/adriabnb.it\\\/de\\\/\",\"name\":\"Adria BnB\",\"description\":\"\",\"publisher\":{\"@id\":\"https:\\\/\\\/adriabnb.it\\\/de\\\/#organization\"},\"potentialAction\":[{\"@type\":\"SearchAction\",\"target\":{\"@type\":\"EntryPoint\",\"urlTemplate\":\"https:\\\/\\\/adriabnb.it\\\/de\\\/?s={search_term_string}\"},\"query-input\":{\"@type\":\"PropertyValueSpecification\",\"valueRequired\":true,\"valueName\":\"search_term_string\"}}],\"inLanguage\":\"de\"},{\"@type\":\"Organization\",\"@id\":\"https:\\\/\\\/adriabnb.it\\\/de\\\/#organization\",\"name\":\"Adria BnB\",\"url\":\"https:\\\/\\\/adriabnb.it\\\/de\\\/\",\"logo\":{\"@type\":\"ImageObject\",\"inLanguage\":\"de\",\"@id\":\"https:\\\/\\\/adriabnb.it\\\/de\\\/#\\\/schema\\\/logo\\\/image\\\/\",\"url\":\"https:\\\/\\\/adriabnb.it\\\/wp-content\\\/uploads\\\/2026\\\/01\\\/Risorsa-3.png\",\"contentUrl\":\"https:\\\/\\\/adriabnb.it\\\/wp-content\\\/uploads\\\/2026\\\/01\\\/Risorsa-3.png\",\"width\":618,\"height\":329,\"caption\":\"Adria BnB\"},\"image\":{\"@id\":\"https:\\\/\\\/adriabnb.it\\\/de\\\/#\\\/schema\\\/logo\\\/image\\\/\"}}]}<\/script>\n<!-- \/ Yoast SEO plugin. -->","yoast_head_json":{"title":"\u00dcber uns- Adria BnB","description":"Das BnB Adria wurde 2009 mit dem Ziel gegr\u00fcndet, Gastfreundschaft, Komfort und gepflegte R\u00e4umlichkeiten f\u00fcr einen angenehmen und entspannenden Aufenthalt zu bieten.","robots":{"index":"index","follow":"follow","max-snippet":"max-snippet:-1","max-image-preview":"max-image-preview:large","max-video-preview":"max-video-preview:-1"},"canonical":"https:\/\/adriabnb.it\/de\/ueber-uns\/","og_locale":"de_DE","og_type":"article","og_title":"\u00dcber uns- Adria BnB","og_description":"Das BnB Adria wurde 2009 mit dem Ziel gegr\u00fcndet, Gastfreundschaft, Komfort und gepflegte R\u00e4umlichkeiten f\u00fcr einen angenehmen und entspannenden Aufenthalt zu bieten.","og_url":"https:\/\/adriabnb.it\/de\/ueber-uns\/","og_site_name":"Adria BnB","article_modified_time":"2026-01-14T23:07:55+00:00","og_image":[{"width":1920,"height":1080,"url":"https:\/\/adriabnb.it\/wp-content\/uploads\/2025\/11\/piscina.jpg","type":"image\/jpeg"}],"twitter_card":"summary_large_image","twitter_misc":{"Gesch\u00e4tzte Lesezeit":"1\u00a0Minute"},"schema":{"@context":"https:\/\/schema.org","@graph":[{"@type":"WebPage","@id":"https:\/\/adriabnb.it\/de\/ueber-uns\/","url":"https:\/\/adriabnb.it\/de\/ueber-uns\/","name":"\u00dcber uns- Adria BnB","isPartOf":{"@id":"https:\/\/adriabnb.it\/de\/#website"},"primaryImageOfPage":{"@id":"https:\/\/adriabnb.it\/de\/ueber-uns\/#primaryimage"},"image":{"@id":"https:\/\/adriabnb.it\/de\/ueber-uns\/#primaryimage"},"thumbnailUrl":"https:\/\/adriabnb.it\/wp-content\/uploads\/2025\/11\/piscina.jpg","datePublished":"2025-11-29T16:34:40+00:00","dateModified":"2026-01-14T23:07:55+00:00","description":"Das BnB Adria wurde 2009 mit dem Ziel gegr\u00fcndet, Gastfreundschaft, Komfort und gepflegte R\u00e4umlichkeiten f\u00fcr einen angenehmen und entspannenden Aufenthalt zu bieten.","breadcrumb":{"@id":"https:\/\/adriabnb.it\/de\/ueber-uns\/#breadcrumb"},"inLanguage":"de","potentialAction":[{"@type":"ReadAction","target":["https:\/\/adriabnb.it\/de\/ueber-uns\/"]}]},{"@type":"ImageObject","inLanguage":"de","@id":"https:\/\/adriabnb.it\/de\/ueber-uns\/#primaryimage","url":"https:\/\/adriabnb.it\/wp-content\/uploads\/2025\/11\/piscina.jpg","contentUrl":"https:\/\/adriabnb.it\/wp-content\/uploads\/2025\/11\/piscina.jpg","width":1920,"height":1080},{"@type":"BreadcrumbList","@id":"https:\/\/adriabnb.it\/de\/ueber-uns\/#breadcrumb","itemListElement":[{"@type":"ListItem","position":1,"name":"Home","item":"https:\/\/adriabnb.it\/de\/"},{"@type":"ListItem","position":2,"name":"\u00dcber uns"}]},{"@type":"WebSite","@id":"https:\/\/adriabnb.it\/de\/#website","url":"https:\/\/adriabnb.it\/de\/","name":"Adria BnB","description":"","publisher":{"@id":"https:\/\/adriabnb.it\/de\/#organization"},"potentialAction":[{"@type":"SearchAction","target":{"@type":"EntryPoint","urlTemplate":"https:\/\/adriabnb.it\/de\/?s={search_term_string}"},"query-input":{"@type":"PropertyValueSpecification","valueRequired":true,"valueName":"search_term_string"}}],"inLanguage":"de"},{"@type":"Organization","@id":"https:\/\/adriabnb.it\/de\/#organization","name":"Adria BnB","url":"https:\/\/adriabnb.it\/de\/","logo":{"@type":"ImageObject","inLanguage":"de","@id":"https:\/\/adriabnb.it\/de\/#\/schema\/logo\/image\/","url":"https:\/\/adriabnb.it\/wp-content\/uploads\/2026\/01\/Risorsa-3.png","contentUrl":"https:\/\/adriabnb.it\/wp-content\/uploads\/2026\/01\/Risorsa-3.png","width":618,"height":329,"caption":"Adria BnB"},"image":{"@id":"https:\/\/adriabnb.it\/de\/#\/schema\/logo\/image\/"}}]}},"_links":{"self":[{"href":"https:\/\/adriabnb.it\/de\/wp-json\/wp\/v2\/pages\/1102","targetHints":{"allow":["GET"]}}],"collection":[{"href":"https:\/\/adriabnb.it\/de\/wp-json\/wp\/v2\/pages"}],"about":[{"href":"https:\/\/adriabnb.it\/de\/wp-json\/wp\/v2\/types\/page"}],"author":[{"embeddable":true,"href":"https:\/\/adriabnb.it\/de\/wp-json\/wp\/v2\/users\/1"}],"replies":[{"embeddable":true,"href":"https:\/\/adriabnb.it\/de\/wp-json\/wp\/v2\/comments?post=1102"}],"version-history":[{"count":3,"href":"https:\/\/adriabnb.it\/de\/wp-json\/wp\/v2\/pages\/1102\/revisions"}],"predecessor-version":[{"id":1559,"href":"https:\/\/adriabnb.it\/de\/wp-json\/wp\/v2\/pages\/1102\/revisions\/1559"}],"wp:featuredmedia":[{"embeddable":true,"href":"https:\/\/adriabnb.it\/de\/wp-json\/wp\/v2\/media\/933"}],"wp:attachment":[{"href":"https:\/\/adriabnb.it\/de\/wp-json\/wp\/v2\/media?parent=1102"}],"curies":[{"name":"wp","href":"https:\/\/api.w.org\/{rel}","templated":true}]}}